{"id":27,"date":"2022-11-11T14:47:06","date_gmt":"2022-11-11T13:47:06","guid":{"rendered":"http:\/\/calvet1818.fr\/?page_id=27"},"modified":"2022-11-11T15:35:29","modified_gmt":"2022-11-11T14:35:29","slug":"a-propos-de","status":"publish","type":"page","link":"https:\/\/calvet1818.fr\/?page_id=27","title":{"rendered":"Pourquoi  prendre le temps"},"content":{"rendered":"\n<p>Calvet1818 vous permettra concr\u00e8tement de d\u00e9velopper votre entreprise sur la France par des consultants d\u00e9di\u00e9s \u00e0 votre projet avec diplomatie, r\u00e9activit\u00e9, fiabilit\u00e9, professionnalit\u00e9, ponctualit\u00e9 tout en confiance et en \u00e9tant multit\u00e2ches, humbles, dots d&rsquo;un esprit d&rsquo;analyse et de synth\u00e8se, \u00e0 l&rsquo;\u00e9coute et bien d&rsquo;autres qualit\u00e9s incontournables<\/p>\n","protected":false},"excerpt":{"rendered":"<p>Calvet1818 vous permettra concr\u00e8tement de d\u00e9velopper votre entreprise sur la France par des consultants d\u00e9di\u00e9s \u00e0 votre projet avec diplomatie, r\u00e9activit\u00e9, fiabilit\u00e9, professionnalit\u00e9, ponctualit\u00e9 tout en confiance et en \u00e9tant multit\u00e2ches, humbles, dots d&rsquo;un esprit d&rsquo;analyse et de synth\u00e8se, \u00e0 l&rsquo;\u00e9coute et bien d&rsquo;autres qualit\u00e9s incontournables<\/p>\n","protected":false},"author":1,"featured_media":24,"parent":0,"menu_order":0,"comment_status":"closed","ping_status":"closed","template":"","meta":{"footnotes":""},"class_list":["post-27","page","type-page","status-publish","has-post-thumbnail","hentry"],"_links":{"self":[{"href":"https:\/\/calvet1818.fr\/index.php?rest_route=\/wp\/v2\/pages\/27","targetHints":{"allow":["GET"]}}],"collection":[{"href":"https:\/\/calvet1818.fr\/index.php?rest_route=\/wp\/v2\/pages"}],"about":[{"href":"https:\/\/calvet1818.fr\/index.php?rest_route=\/wp\/v2\/types\/page"}],"author":[{"embeddable":true,"href":"https:\/\/calvet1818.fr\/index.php?rest_route=\/wp\/v2\/users\/1"}],"replies":[{"embeddable":true,"href":"https:\/\/calvet1818.fr\/index.php?rest_route=%2Fwp%2Fv2%2Fcomments&post=27"}],"version-history":[{"count":3,"href":"https:\/\/calvet1818.fr\/index.php?rest_route=\/wp\/v2\/pages\/27\/revisions"}],"predecessor-version":[{"id":55,"href":"https:\/\/calvet1818.fr\/index.php?rest_route=\/wp\/v2\/pages\/27\/revisions\/55"}],"wp:featuredmedia":[{"embeddable":true,"href":"https:\/\/calvet1818.fr\/index.php?rest_route=\/wp\/v2\/media\/24"}],"wp:attachment":[{"href":"https:\/\/calvet1818.fr\/index.php?rest_route=%2Fwp%2Fv2%2Fmedia&parent=27"}],"curies":[{"name":"wp","href":"https:\/\/api.w.org\/{rel}","templated":true}]}}